{"id":4,"date":"2016-02-17T06:21:46","date_gmt":"2016-02-16T23:21:46","guid":{"rendered":"http:\/\/localhost\/mi\/?page_id=4"},"modified":"2025-01-02T17:42:59","modified_gmt":"2025-01-02T10:42:59","slug":"home","status":"publish","type":"page","link":"https:\/\/benhvienvietbi.vn\/en\/","title":{"rendered":"Home"},"content":{"rendered":"\n<p>Gi\u1edbi thi\u1ec7u chung v\u1ec1 B\u1ec7nh vi\u1ec7n Chuy\u00ean khoa Nam h\u1ecdc v\u00e0 Hi\u1ebfm mu\u1ed9n Vi\u1ec7t &#8211; B\u1ec9\u00a0<\/p>\n","protected":false},"excerpt":{"rendered":"<p>Gi\u1edbi thi\u1ec7u chung v\u1ec1 B\u1ec7nh vi\u1ec7n Chuy\u00ean khoa Nam h\u1ecdc v\u00e0 Hi\u1ebfm mu\u1ed9n Vi\u1ec7t &#8211; B\u1ec9\u00a0<\/p>\n","protected":false},"author":1,"featured_media":0,"parent":0,"menu_order":0,"comment_status":"closed","ping_status":"closed","template":"","meta":{"_acf_changed":false,"_et_pb_use_builder":"","_et_pb_old_content":"","_et_gb_content_width":"","footnotes":""},"class_list":["post-4","page","type-page","status-publish","hentry"],"acf":[],"yoast_head":"<!-- This site is optimized with the Yoast SEO plugin v24.0 - https:\/\/yoast.com\/wordpress\/plugins\/seo\/ -->\n<title>B\u1ec7nh Vi\u1ec7n Nam H\u1ecdc Hi\u1ebfm Mu\u1ed9n Vi\u1ec7t-B\u1ec9<\/title>\n<meta name=\"description\" content=\"Ch\u00fang t\u00f4i t\u1ef1 h\u00e0o l\u00e0 b\u1ec7nh vi\u1ec7n thu\u1ed9c top \u0111\u1ea7u v\u1ec1 t\u1ec9 l\u1ec7 th\u00e0nh c\u00f4ng trong \u0111i\u1ec1u tr\u1ecb v\u00f4 sinh, hi\u1ebfm mu\u1ed9n b\u1eb1ng c\u00e1c ph\u01b0\u01a1ng ph\u00e1p h\u1ed7 tr\u1ee3 sinh s\u1ea3n ti\u00ean ti\u1ebfn v\u00e0 hi\u1ec7n \u0111\u1ea1i nh\u1ea5t nh\u01b0 IVF, ICSI...\" \/>\n<meta name=\"robots\" content=\"index, follow, max-snippet:-1, max-image-preview:large, max-video-preview:-1\" \/>\n<link rel=\"canonical\" href=\"https:\/\/benhvienvietbi.vn\/en\/\" \/>\n<meta property=\"og:locale\" content=\"vi_VN\" \/>\n<meta property=\"og:type\" content=\"article\" \/>\n<meta property=\"og:title\" content=\"B\u1ec7nh Vi\u1ec7n Nam H\u1ecdc Hi\u1ebfm Mu\u1ed9n Vi\u1ec7t-B\u1ec9\" \/>\n<meta property=\"og:description\" content=\"Ch\u00fang t\u00f4i t\u1ef1 h\u00e0o l\u00e0 b\u1ec7nh vi\u1ec7n thu\u1ed9c top \u0111\u1ea7u v\u1ec1 t\u1ec9 l\u1ec7 th\u00e0nh c\u00f4ng trong \u0111i\u1ec1u tr\u1ecb v\u00f4 sinh, hi\u1ebfm mu\u1ed9n b\u1eb1ng c\u00e1c ph\u01b0\u01a1ng ph\u00e1p h\u1ed7 tr\u1ee3 sinh s\u1ea3n ti\u00ean ti\u1ebfn v\u00e0 hi\u1ec7n \u0111\u1ea1i nh\u1ea5t nh\u01b0 IVF, ICSI...\" \/>\n<meta property=\"og:url\" content=\"https:\/\/benhvienvietbi.vn\/en\/\" \/>\n<meta property=\"og:site_name\" content=\"VIET \u2013 BI SPECIALIZED HOSPITAL IN ANDROLOGY AND INFERTILITY\" \/>\n<meta property=\"article:modified_time\" content=\"2025-01-02T10:42:59+00:00\" \/>\n<meta name=\"twitter:card\" content=\"summary_large_image\" \/>\n<meta name=\"twitter:label1\" content=\"\u01af\u1edbc t\u00ednh th\u1eddi gian \u0111\u1ecdc\" \/>\n\t<meta name=\"twitter:data1\" content=\"1 ph\u00fat\" \/>\n<script type=\"application\/ld+json\" class=\"yoast-schema-graph\">{\"@context\":\"https:\/\/schema.org\",\"@graph\":[{\"@type\":\"WebPage\",\"@id\":\"https:\/\/benhvienvietbi.vn\/en\/\",\"url\":\"https:\/\/benhvienvietbi.vn\/en\/\",\"name\":\"B\u1ec7nh Vi\u1ec7n Nam H\u1ecdc Hi\u1ebfm Mu\u1ed9n Vi\u1ec7t-B\u1ec9\",\"isPartOf\":{\"@id\":\"https:\/\/benhvienvietbi.vn\/en\/#website\"},\"datePublished\":\"2016-02-16T23:21:46+00:00\",\"dateModified\":\"2025-01-02T10:42:59+00:00\",\"description\":\"Ch\u00fang t\u00f4i t\u1ef1 h\u00e0o l\u00e0 b\u1ec7nh vi\u1ec7n thu\u1ed9c top \u0111\u1ea7u v\u1ec1 t\u1ec9 l\u1ec7 th\u00e0nh c\u00f4ng trong \u0111i\u1ec1u tr\u1ecb v\u00f4 sinh, hi\u1ebfm mu\u1ed9n b\u1eb1ng c\u00e1c ph\u01b0\u01a1ng ph\u00e1p h\u1ed7 tr\u1ee3 sinh s\u1ea3n ti\u00ean ti\u1ebfn v\u00e0 hi\u1ec7n \u0111\u1ea1i nh\u1ea5t nh\u01b0 IVF, ICSI...\",\"breadcrumb\":{\"@id\":\"https:\/\/benhvienvietbi.vn\/en\/#breadcrumb\"},\"inLanguage\":\"vi\",\"potentialAction\":[{\"@type\":\"ReadAction\",\"target\":[\"https:\/\/benhvienvietbi.vn\/en\/\"]}]},{\"@type\":\"BreadcrumbList\",\"@id\":\"https:\/\/benhvienvietbi.vn\/en\/#breadcrumb\",\"itemListElement\":[{\"@type\":\"ListItem\",\"position\":1,\"name\":\"Home\",\"item\":\"https:\/\/benhvienvietbi.vn\/en\/\"},{\"@type\":\"ListItem\",\"position\":2,\"name\":\"Home\"}]},{\"@type\":\"WebSite\",\"@id\":\"https:\/\/benhvienvietbi.vn\/en\/#website\",\"url\":\"https:\/\/benhvienvietbi.vn\/en\/\",\"name\":\"VIET \u2013 BI SPECIALIZED HOSPITAL IN ANDROLOGY AND INFERTILITY\",\"description\":\"\",\"potentialAction\":[{\"@type\":\"SearchAction\",\"target\":{\"@type\":\"EntryPoint\",\"urlTemplate\":\"https:\/\/benhvienvietbi.vn\/en\/?s={search_term_string}\"},\"query-input\":{\"@type\":\"PropertyValueSpecification\",\"valueRequired\":true,\"valueName\":\"search_term_string\"}}],\"inLanguage\":\"vi\"}]}<\/script>\n<!-- \/ Yoast SEO plugin. -->","yoast_head_json":{"title":"B\u1ec7nh Vi\u1ec7n Nam H\u1ecdc Hi\u1ebfm Mu\u1ed9n Vi\u1ec7t-B\u1ec9","description":"Ch\u00fang t\u00f4i t\u1ef1 h\u00e0o l\u00e0 b\u1ec7nh vi\u1ec7n thu\u1ed9c top \u0111\u1ea7u v\u1ec1 t\u1ec9 l\u1ec7 th\u00e0nh c\u00f4ng trong \u0111i\u1ec1u tr\u1ecb v\u00f4 sinh, hi\u1ebfm mu\u1ed9n b\u1eb1ng c\u00e1c ph\u01b0\u01a1ng ph\u00e1p h\u1ed7 tr\u1ee3 sinh s\u1ea3n ti\u00ean ti\u1ebfn v\u00e0 hi\u1ec7n \u0111\u1ea1i nh\u1ea5t nh\u01b0 IVF, ICSI...","robots":{"index":"index","follow":"follow","max-snippet":"max-snippet:-1","max-image-preview":"max-image-preview:large","max-video-preview":"max-video-preview:-1"},"canonical":"https:\/\/benhvienvietbi.vn\/en\/","og_locale":"vi_VN","og_type":"article","og_title":"B\u1ec7nh Vi\u1ec7n Nam H\u1ecdc Hi\u1ebfm Mu\u1ed9n Vi\u1ec7t-B\u1ec9","og_description":"Ch\u00fang t\u00f4i t\u1ef1 h\u00e0o l\u00e0 b\u1ec7nh vi\u1ec7n thu\u1ed9c top \u0111\u1ea7u v\u1ec1 t\u1ec9 l\u1ec7 th\u00e0nh c\u00f4ng trong \u0111i\u1ec1u tr\u1ecb v\u00f4 sinh, hi\u1ebfm mu\u1ed9n b\u1eb1ng c\u00e1c ph\u01b0\u01a1ng ph\u00e1p h\u1ed7 tr\u1ee3 sinh s\u1ea3n ti\u00ean ti\u1ebfn v\u00e0 hi\u1ec7n \u0111\u1ea1i nh\u1ea5t nh\u01b0 IVF, ICSI...","og_url":"https:\/\/benhvienvietbi.vn\/en\/","og_site_name":"VIET \u2013 BI SPECIALIZED HOSPITAL IN ANDROLOGY AND INFERTILITY","article_modified_time":"2025-01-02T10:42:59+00:00","twitter_card":"summary_large_image","twitter_misc":{"\u01af\u1edbc t\u00ednh th\u1eddi gian \u0111\u1ecdc":"1 ph\u00fat"},"schema":{"@context":"https:\/\/schema.org","@graph":[{"@type":"WebPage","@id":"https:\/\/benhvienvietbi.vn\/en\/","url":"https:\/\/benhvienvietbi.vn\/en\/","name":"B\u1ec7nh Vi\u1ec7n Nam H\u1ecdc Hi\u1ebfm Mu\u1ed9n Vi\u1ec7t-B\u1ec9","isPartOf":{"@id":"https:\/\/benhvienvietbi.vn\/en\/#website"},"datePublished":"2016-02-16T23:21:46+00:00","dateModified":"2025-01-02T10:42:59+00:00","description":"Ch\u00fang t\u00f4i t\u1ef1 h\u00e0o l\u00e0 b\u1ec7nh vi\u1ec7n thu\u1ed9c top \u0111\u1ea7u v\u1ec1 t\u1ec9 l\u1ec7 th\u00e0nh c\u00f4ng trong \u0111i\u1ec1u tr\u1ecb v\u00f4 sinh, hi\u1ebfm mu\u1ed9n b\u1eb1ng c\u00e1c ph\u01b0\u01a1ng ph\u00e1p h\u1ed7 tr\u1ee3 sinh s\u1ea3n ti\u00ean ti\u1ebfn v\u00e0 hi\u1ec7n \u0111\u1ea1i nh\u1ea5t nh\u01b0 IVF, ICSI...","breadcrumb":{"@id":"https:\/\/benhvienvietbi.vn\/en\/#breadcrumb"},"inLanguage":"vi","potentialAction":[{"@type":"ReadAction","target":["https:\/\/benhvienvietbi.vn\/en\/"]}]},{"@type":"BreadcrumbList","@id":"https:\/\/benhvienvietbi.vn\/en\/#breadcrumb","itemListElement":[{"@type":"ListItem","position":1,"name":"Home","item":"https:\/\/benhvienvietbi.vn\/en\/"},{"@type":"ListItem","position":2,"name":"Home"}]},{"@type":"WebSite","@id":"https:\/\/benhvienvietbi.vn\/en\/#website","url":"https:\/\/benhvienvietbi.vn\/en\/","name":"VIET \u2013 BI SPECIALIZED HOSPITAL IN ANDROLOGY AND INFERTILITY","description":"","potentialAction":[{"@type":"SearchAction","target":{"@type":"EntryPoint","urlTemplate":"https:\/\/benhvienvietbi.vn\/en\/?s={search_term_string}"},"query-input":{"@type":"PropertyValueSpecification","valueRequired":true,"valueName":"search_term_string"}}],"inLanguage":"vi"}]}},"_links":{"self":[{"href":"https:\/\/benhvienvietbi.vn\/en\/wp-json\/wp\/v2\/pages\/4"}],"collection":[{"href":"https:\/\/benhvienvietbi.vn\/en\/wp-json\/wp\/v2\/pages"}],"about":[{"href":"https:\/\/benhvienvietbi.vn\/en\/wp-json\/wp\/v2\/types\/page"}],"author":[{"embeddable":true,"href":"https:\/\/benhvienvietbi.vn\/en\/wp-json\/wp\/v2\/users\/1"}],"replies":[{"embeddable":true,"href":"https:\/\/benhvienvietbi.vn\/en\/wp-json\/wp\/v2\/comments?post=4"}],"version-history":[{"count":0,"href":"https:\/\/benhvienvietbi.vn\/en\/wp-json\/wp\/v2\/pages\/4\/revisions"}],"wp:attachment":[{"href":"https:\/\/benhvienvietbi.vn\/en\/wp-json\/wp\/v2\/media?parent=4"}],"curies":[{"name":"wp","href":"https:\/\/api.w.org\/{rel}","templated":true}]}}